{"id":51,"date":"2020-05-24T20:30:36","date_gmt":"2020-05-24T20:30:36","guid":{"rendered":"http:\/\/naturerholt.de\/?page_id=51"},"modified":"2024-01-31T11:54:16","modified_gmt":"2024-01-31T11:54:16","slug":"datenschutz","status":"publish","type":"page","link":"https:\/\/naturerholt.de\/fr\/datenschutz\/","title":{"rendered":"Protection des donn\u00e9es"},"content":{"rendered":"<ol class=\"wp-block-list\">\n<li> <h3>Wir sind verantwortlich f\u00fcr Ihre Daten<\/h3> <p> Als Besucher von www.naturerholt.de erwarten Sie nicht nur touristische H\u00f6hepunkte, sondern auch bei der Verarbeitung Ihrer personenbezogenen Daten ein hohes Ma\u00df an Qualit\u00e4t. Wir sind verantwortlich f\u00fcr den Umgang mit Ihren Daten, die wir nach Ihren W\u00fcnschen und nach den Vorgaben der deutschen und EU-Datenschutzgesetze verarbeiten. Ihre personenbezogenen Daten werden von uns nur verarbeitet, sofern eine Rechtsvorschrift dies erlaubt oder Sie zuvor eingewilligt haben. Wir, das sind die HKM Heilb\u00e4der und Kurorte Marketing GmbH, Esslinger Stra\u00dfe 8., 70182 Stuttgart (E-Mail: info@heilbaeder-bw.de) und unsere Dienstleister, die Ihre Daten in unserem Auftrag f\u00fcr die unten angegebenen Zwecke verarbeiten (im Folgenden: \u201ewir\u201c). Zu unseren Dienstleistern geh\u00f6ren namentlich IT-Dienstleister, Datei- und Internethoster, Druckereien, Lettershops, Zahlungs- und Webanalysedienstleister. Unseren Dienstleistern ist es untersagt, Ihre Daten f\u00fcr andere Zwecke als f\u00fcr den konkreten Auftrag zu verarbeiten. Zu unseren Dienstleistern, die die Anzeige der Webseite und ihre Funktionen erm\u00f6glichen geh\u00f6ren auch die Amazon Web Services, Inc., 410 Terry Avenue North, Seattle WA 98109, United States, (\u201eAmazon\u201c) und die Google Inc., 1600 Amphitheatre Parkway, Mountain View, CA 94043, USA (\u201eGoogle\u201c) Amazon und Google haben sich dem EU-Privacy-Shield unterworfen, der nach Feststellung der EU-Kommission ausreichende Gew\u00e4hr f\u00fcr ein ausreichendes Datenschutzniveau bei der Verarbeitung von Daten in den USA bietet (Zertifikat abrufbar unter: https:\/\/www.privacyshield.gov\/participant?id=a2zt0000000TOWQAA4 bzw. https:\/\/www.privacyshield.gov\/participant?id=a2zt000000001L5AAI). Eine transparente und rechtm\u00e4\u00dfige Verarbeitung Ihrer Daten ist f\u00fcr uns von gro\u00dfer Bedeutung. Deshalb sollen Sie durch die nachfolgenden Hinweise jederzeit erfahren k\u00f6nnen, welche personenbezogenen Daten w\u00e4hrend Ihres Besuchs auf unserer Website und bei der Nutzung unserer Leistungen und Angebote erhoben werden und wie wir Ihre Daten verarbeiten. <\/p> <\/li>\n\n\n\n<li> <h3>Wie sicher sind Ihre Daten?<\/h3> <p> Wir treffen technische und organisatorische Sicherheitsvorkehrungen, um Ihre personenbezogenen Daten gegen zuf\u00e4llige oder vors\u00e4tzliche Manipulationen, Verlust, Zerst\u00f6rung oder gegen den Zugriff unberechtigter Personen zu sch\u00fctzen und den Schutz Ihrer Rechte und die Einhaltung der anwendbaren datenschutzrechtlichen Bestimmungen der EU und der Bundesrepublik Deutschland zu gew\u00e4hrleisten. Die ergriffenen Ma\u00dfnahmen sollen die Vertraulichkeit, Integrit\u00e4t, Verf\u00fcgbarkeit und Belastbarkeit der Systeme und Dienste im Zusammenhang mit der Verarbeitung Ihrer Daten auf Dauer sicherstellen und bei einem physischen oder technischen Zwischenfall rasch wiederherstellen. Hierzu geh\u00f6rt auch eine Verschl\u00fcsselung Ihrer Daten. Alle Informationen, die Sie online eingeben, werden mindestens mit der SSL-Technologie (Secure Socket Layers SSL, RSA 1024 Bit, RC4 -256 Bit) verschl\u00fcsselt und erst dann zu unseren Servern \u00fcbermittelt. Unsere Datenverarbeitung und unsere Sicherheitsma\u00dfnahmen werden entsprechend der technologischen Entwicklung fortlaufend verbessert. <\/p> <\/li>\n\n\n\n<li> <h3>Ansprechpartner f\u00fcr die Datenberarbeitung<\/h3> <p>Wenn Sie eine Frage zum Datenschutz oder zur Datensicherheit haben erreichen Sie uns per E-Mail unter info@heilbaeder-bw.de oder per Post unter HKM Heilb\u00e4der und Kurorte Marketing GmbH, Esslinger Stra\u00dfe 8., 70182 Stuttgart<\/p> <\/li>\n\n\n\n<li> <h3>Welche personenbezogenen Daten werden verarbeitet?<\/h3> <p> Personenbezogene Daten sind alle Informationen, die sich auf eine identifizierte oder identifizierbare Person beziehen. Hierzu geh\u00f6ren z.B.: Adressdaten: Name, postalische Anschrift, E-Mail-Adresse Telekommunikationsdaten: Festnetz-, Mobiltelefonnummer, E-Mail-Adresse Buchungs- und Kaufdaten: Angefragte, gebuchte\/ bzw. bestellte Leistung, Kategorie, Zeitraum bzw. Menge, Preise, Leistungstr\u00e4ger, Zahlungsmethode, Daten zu evtl. Mitreisenden Finanzdaten: Bankkontendaten, Kreditkartendaten, Paypal-Transaktionsdaten <\/p> <\/li>\n\n\n\n<li> <h3>Was sind Pflichtangaben?<\/h3> <p>Wenn bei der Erhebung bestimmte Datenfelder als Pflichtangaben oder Pflichtfelder bezeichnet sind und mit einem Sternchen ( * ) gekennzeichnet sind, ist die Bereitstellung dieser Daten gesetzlich oder vertraglich vorgeschrieben, oder f\u00fcr den Vertragsabschluss, die gew\u00fcnschte Dienstleistung oder den angegebenen Zweck erforderlich. Eine Bereitstellung liegt in Ihrem Ermessen. Eine Nichtbereitstellung kann zur Folge haben, dass der Vertrag nicht erf\u00fcllt bzw. die gew\u00fcnschte Leistung nicht erbracht oder der angegebene Zweck nicht erreicht werden kann.<\/p> <\/li>\n\n\n\n<li><h3>Wof\u00fcr werden Ihre Daten verarbeitet?<\/h3>\n<ul class=\"wp-block-list\">\n<li>Kontaktanfragen <p>Wir verarbeiten Ihre Angaben zur Beantwortung Ihrer Kontaktanfragen (Art.6 Abs.1 b, f DSGVO), entweder direkt, durch eingeschaltete Dienstleister oder \u00dcbermittlung an den jeweiligen Leistungstr\u00e4ger (Unterkunft, Freizeitanbieter etc.). Die Mitteilung von Adressdaten bzw. Telekommunikationsdaten ist dabei erforderlich, um Ihr Anliegen bearbeiten und auf dem gew\u00fcnschten Kommunikationsweg beantworten zu k\u00f6nnen. Die Angaben aus Ihrer Kontaktanfrage speichern wir und ggf. der jeweilige Leistungstr\u00e4ger nach Beantwortung der Anfrage im Regelfall f\u00fcr weitere sechs Monate f\u00fcr den Fall weiterer Nachfragen, soweit sie nicht wegen gesetzlicher Aufbewahrungspflichten l\u00e4nger zu speichern sind (siehe z.B. zur Speicherdauer bei Einkauf, Buchung und vertragsbezogenen Anfragen unten b.).<\/p> <strong>Anfrageformular<\/strong><br><br>Auf unserer Website bieten wir Ihnen die M\u00f6glichkeit, \u00fcber ein Anfrageformular Angebote von Gastgebern f\u00fcr Ihre angegebenen W\u00fcnsche zu erhalten. Nehmen Sie diese M\u00f6glichkeit wahr, so werden die in der Eingabemaske eingegeben Daten \u2013 Name und E-Mail-Adresse und ggfs. weitere freiwillig angegebene Daten &#8211; an uns \u00fcbermittelt. Wir geben Ihre Anfrage und Ihre Daten per E-Mail weiter, sodass die Gastgeber Ihnen per E-Mail antworten k\u00f6nnen und ein Angebot \u00fcbermitteln. Eine weitere Bearbeitung Ihrer personenbezogenen Daten oder eine weitere \u00dcbermittlung an Dritte erfolgt nicht.<br><br>Die Verarbeitung Ihrer personenbezogenen Daten durch die Gastgeber liegt allein in deren Verantwortungsbereich. Wir haben diese jedoch angewiesen, die Daten und Anfragen nach Beendigung der Kommunikation unverz\u00fcglich zu l\u00f6schen, sofern dies nicht zur weiteren Vertragserf\u00fcllung notwendig ist.<br><br>Wir l\u00f6schen Ihre Anfrage und Ihre Daten unmittelbar nach dem Versand an die Gastgeber, sp\u00e4testens jedoch nach 3 Monaten.<br><br>Rechtsgrundlage der Datenverarbeitung ist Ihre an uns erteilte Einwilligung (Art 6 Abs. 1 lit a, Art 7 DSGVO), die Sie jederzeit f\u00fcr die Zukunft widerrufen k\u00f6nnen. In diesem Fall l\u00f6schen wir Ihre Daten und Angaben sofort.<\/li>\n<\/ul>\n<\/li>\n<\/ol>\n\n\n\n<ul class=\"wp-block-list\">\n<li>Werbung <p> E-Mail-Newsletter Mit Ihrer Einwilligung senden wir Ihnen per E-Mail unseren Newsletter mit touristischen Informationen aus der Region zu (\u00a7 7 Abs.2 Nr.3 UWG, Art.6 Abs.1 a DSGVO). Selbstverst\u00e4ndlich k\u00f6nnen Sie Ihre Einwilligung jederzeit mit Wirkung f\u00fcr die Zukunft widerrufen. Zur Einholung Ihrer Einwilligung in unseren E-Mail-Newsletter verwenden wir online das sog. Double-Opt-in-Verfahren, um zu vermeiden, dass unser Newsletter an E-Mail-Adressen von Personen versandt wird, die ihn nicht angefordert haben. Wir senden Ihnen dazu eine Best\u00e4tigungsanfrage per E-Mail zu und beginnen mit dem Versand unseres Newsletters erst nach Ihrer Best\u00e4tigung. Dabei wird jeweils auch Ihre IP-Adresse erfasst und zu Dokumentationszwecken gespeichert (Art.7 Abs.1, Art.6 Abs.1 c DSGVO). <\/p> <p> Speicherdauer bei Werbung Ihre f\u00fcr Werbezwecke erhobenen Daten speichern wir, solange der Werbezweck fortbesteht bzw. bis uns ein Widerruf Ihrer Einwilligung oder Ihr Widerspruch gegen die Verarbeitung Ihrer Daten f\u00fcr Werbezwecke erreicht (s. Ziffer 7). <\/p> <\/li>\n\n\n\n<li>Anzeige von Webinhalten und Funktionen <p>Weiterhin verarbeiten wir Daten, die bei der Nutzung unserer Internetseite entstehen, nat\u00fcrlich f\u00fcr die Anzeige der gew\u00fcnschten Inhalte und f\u00fcr die Ausf\u00fchrung der von Ihnen ausgew\u00e4hlten Funktionen (Art. 6 Abs.1 b und f DSGVO).<\/p> <\/li>\n\n\n\n<li>Sicherstellung der Systemsicherheit <p>Bei jedem Zugriff eines Nutzers auf eine Seite aus unserem Webseiten-Angebot werden schlie\u00dflich Daten \u00fcber diesen Vorgang tempor\u00e4r in einer Protokolldatei gespeichert und verarbeitet (Art.6 Abs.1 f DSGVO). Dies sind:<\/p>\n<ul class=\"wp-block-list\">\n<li>Kategorie bzw. Art, Name und URL der abgerufenen Datei,<\/li>\n\n\n\n<li>Datum und Uhrzeit des Abrufs,<\/li>\n\n\n\n<li>\u00fcbertragene Datenmenge,<\/li>\n\n\n\n<li>Meldung, ob der Abruf erfolgreich war,<\/li>\n\n\n\n<li>die vom anfordernden Rechner gew\u00fcnschte Zugriffsmethode\/Funktion,<\/li>\n\n\n\n<li>eine Beschreibung des Typs des verwendeten Webbrowsers mit weiteren Angaben zum System,<\/li>\n\n\n\n<li>IP-Adresse, Webseite, von der aus der Zugriff erfolgt. <p>Die tempor\u00e4re Speicherung dieser sog. Server-Logdaten ist zur Erbringung des Dienstes aus technischen Gr\u00fcnden und danach zur Sicherstellung der Systemsicherheit erforderlich. Die Daten werden sp\u00e4testens nach sieben Tagen durch K\u00fcrzung der IP-Adresse anonymisiert, sofern und soweit keine Auff\u00e4lligkeiten auf m\u00f6gliche Systemfehler, den Versuch unzul\u00e4ssiger Zugriffe oder sonstiger Hackerangriffe schlie\u00dfen lassen und zur weiteren Aufkl\u00e4rung, technischen Beseitigung der Probleme und\/oder ggf. Rechtsverfolgung eine l\u00e4ngere Aufbewahrung erforderlich ist. Die sonstige Auswertung dieser Daten erfolgt anonymisiert f\u00fcr statistische Zwecke.<\/p> <\/li>\n<\/ul>\n<\/li>\n\n\n\n<li>Zweck\u00e4nderung <p>Sollten wir die Zwecke der Verarbeitung im Laufe der Zeit \u00e4ndern, werden wir Sie \u00fcber eine Aktualisierung dieser Hinweise zum Datenschutz vorab informieren.<\/p> <\/li>\n\n\n\n<li>Verl\u00e4ngerung der Speicherfristen <p>Die angegebenen Speicherfristen k\u00f6nnen sich entsprechend verl\u00e4ngern, wenn im Einzelfall, insbesondere wenn die Daten f\u00fcr verschiedene Zwecke verarbeitet werden, eine l\u00e4ngere gesetzliche oder vertragliche Aufbewahrungsfrist besteht.<\/p>  <\/li>\n<\/ul>\n\n\n\n<ol class=\"wp-block-list\">\n<li>Consentement <p> Wenn Sie das Banner auf unserer Website an- oder wegklicken, erkl\u00e4ren Sie sich damit jederzeit widerruflich einverstanden (Art.6 Abs.1 a DSGVO), dass wir auf unserer Webseite Cookies und pseudonyme Analysetechniken auch unserer Dienstleister verwenden, um die Besuche auf unserer Webseite auszuwerten, damit wir unsere Webseite optimal auf Ihre Bed\u00fcrfnisse anpassen und benutzerfreundlich gestalten zu k\u00f6nnen. Um die Erteilung Ihrer Einwilligung feststellen zu k\u00f6nnen, wird ein entsprechendes Einwilligungs- Cookie auf Ihrem Rechner gesetzt. Ihre Einwilligung k\u00f6nnen Sie widerrufen, indem Sie hier klicken. Bitte beachten Sie, dass Sie Ihre Cookies nicht l\u00f6schen d\u00fcrfen, damit wir auch Ihren Widerruf dauerhaft beachten k\u00f6nnen. <\/p> Haftung f\u00fcr Links  Unser Angebot enth\u00e4lt Links zu externen Webseiten Dritter, auf deren Inhalte wir keinen Einfluss haben. Deshalb k\u00f6nnen wir f\u00fcr diese fremden Inhalte auch keine Gew\u00e4hr \u00fcbernehmen. F\u00fcr die Inhalte der verlinkten Seiten ist stets der jeweilige Anbieter oder Betreiber der Seiten verantwortlich. Rechtswidrige Inhalte waren zum Zeitpunkt der Verlinkung nicht erkennbar. Eine permanente inhaltliche Kontrolle der verlinkten Seiten ist jedoch ohne konkrete Anhaltspunkte einer Rechtsverletzung nicht zumutbar. Bei Bekanntwerden von Rechtsverletzungen werden wir derartige Links umgehend entfernen.  <br><br>Datenschutzerkl\u00e4rung f\u00fcr die Nutzung von Facebook-Plugins  <br>Auf unseren Seiten sind Plugins des sozialen Netzwerks Facebook, 1601 South California Avenue, Palo Alto, CA 94304, USA integriert. Eine \u00dcbersicht \u00fcber die Facebook-Plugins finden Sie hier: developers.facebook.com\/docs\/plugins\/ Wenn Sie unsere Seiten besuchen, wird \u00fcber das Plugin eine direkte Verbindung zwischen Ihrem Browser und dem Facebook-Server hergestellt. Facebook erh\u00e4lt dadurch die Information, dass Sie mit Ihrer IP-Adresse unsere Seite besucht haben. Wenn Sie den Facebook \u201eLike-Button\u201c anklicken w\u00e4hrend Sie in Ihrem Facebook-Account eingeloggt sind, k\u00f6nnen Sie die Inhalte unserer Seiten auf Ihrem Facebook-Profil verlinken. Dadurch kann Facebook den Besuch unserer Seiten Ihrem Benutzerkonto zuordnen. Wir weisen darauf hin, dass wir als Anbieter der Seiten keine Kenntnis vom Inhalt der \u00fcbermittelten Daten sowie deren Nutzung durch Facebook erhalten. Weitere Informationen hierzu finden Sie in der Datenschutzerkl\u00e4rung von facebook unter de-de.facebook.com\/policy.php Wenn Sie nicht w\u00fcnschen, dass Facebook den Besuch unserer Seiten Ihrem Facebook-Nutzerkonto zuordnen kann, loggen Sie sich bitte aus Ihrem Facebook-Benutzerkonto aus.  <br><br>Instagram  <br>Auf der Startseite verwenden wir ein Instagram-Plugin, dass den neusten Beitrag unseres Instagram-Accounts anzeigt. Diese Funktionen werden angeboten durch die Instagram Inc., 1601 Willow Road, Menlo Park, CA, 94025, USA integriert. Wenn Sie in Ihrem Instagram-Account eingeloggt sind k\u00f6nnen Sie durch Anklicken des Instagram-Plugins die Inhalte unserer Seiten mit Ihrem Instagram-Profil besuchen. Dadurch kann Instagram den Besuch unserer Seiten Ihrem Benutzerkonto zuordnen. Wir weisen darauf hin, dass wir als Anbieter der Seiten keine Kenntnis vom Inhalt der \u00fcbermittelten Daten sowie deren Nutzung durch Instagram erhalten. Weitere Informationen hierzu finden Sie in der Datenschutzerkl\u00e4rung von Instagram: instagram.com\/about\/legal\/privacy\/   <h3>Wie k\u00f6nnen Sie Ihre Datenschutzrechte wahrnehmen?<\/h3><p>Wenn Sie Fragen zu der Verarbeitung Ihrer personenbezogenen Daten durch uns haben, erteilen wir Ihnen selbstverst\u00e4ndlich gerne Auskunft \u00fcber die Sie betreffenden Daten (Art.15 DSGVO). Au\u00dferdem haben Sie bei Vorliegen der gesetzlichen Voraussetzungen ein Recht auf Berichtigung (Art.16 DSGVO), L\u00f6schung (Art.17 DSGVO), Einschr\u00e4nkung der Verarbeitung (Art.18 DSGVO) und Widerspruch (Art.21 DSGVO). Au\u00dferdem haben Sie das Recht auf Daten\u00fcbertragbarkeit (Art.20 DSGVO). Bitte wenden Sie sich in all diesen F\u00e4llen an unseren Datenschutzbeauftragten unter den genannten Kommunikationsadressen. Schlie\u00dflich haben Sie das Recht auf Beschwerde bei einer zust\u00e4ndigen Datenschutz- Aufsichtsbeh\u00f6rde (Art.77 DSGVO, \u00a7 19 BDSG).<\/p> <h3>\u00c4nderungen<\/h3>  Von Zeit zu Zeit ist es erforderlich, den Inhalt der vorliegenden Hinweise zum Datenschutz anzupassen. Wir behalten uns daher vor, diese jederzeit f\u00fcr die Zukunft zu \u00e4ndern. Wir werden die ge\u00e4nderte Version der Datenschutzhinweise ebenfalls an dieser Stelle ver\u00f6ffentlichen. Wenn Sie uns wieder besuchen, sollten Sie sich daher die Datenschutzhinweise erneut durchlesen.  <\/li>\n<\/ol>\n\n\n\n<ul class=\"wp-block-list\"><\/ul>\n\n\n\n<p><strong>Cookie Banner<\/strong><\/p>\n\n\n\n<p>Zur Verwaltung der eingesetzten Cookies und \u00e4hnlichen Technologien (Tracking-Pixel, Web-Beacons etc.) und diesbez\u00fcglicher Einwilligungen setzen wir das Consent Tool &#8222;Real Cookie Banner&#8220; ein. Details zur Funktionsweise von &#8222;Real Cookie Banner&#8220; findest du unter <a href=\"https:\/\/devowl.io\/de\/rcb\/datenverarbeitung\/\" rel=\"noreferrer noopener\" target=\"_blank\">https:\/\/devowl.io\/de\/rcb\/datenverarbeitung\/<\/a>.<\/p>\n\n\n\n<p>Rechtsgrundlagen f\u00fcr die Verarbeitung von personenbezogenen Daten in diesem Zusammenhang sind Art. 6 Abs. 1 lit. c DS-GVO und Art. 6 Abs. 1 lit. f DS-GVO. Unser berechtigtes Interesse ist die Verwaltung der eingesetzten Cookies und \u00e4hnlichen Technologien und der diesbez\u00fcglichen Einwilligungen.<\/p>\n\n\n\n<p>Die Bereitstellung der personenbezogenen Daten ist weder vertraglich vorgeschrieben noch f\u00fcr den Abschluss eines Vertrages notwendig. Du bist nicht verpflichtet die personenbezogenen Daten bereitzustellen. Wenn du die personenbezogenen Daten nicht bereitstellst, k\u00f6nnen wir deine Einwilligungen nicht verwalten.<\/p>","protected":false},"excerpt":{"rendered":"<p>Cookie Banner Zur Verwaltung der eingesetzten Cookies und \u00e4hnlichen Technologien (Tracking-Pixel, Web-Beacons etc.) und diesbez\u00fcglicher Einwilligungen setzen wir das Consent&#8230;<\/p>","protected":false},"author":2,"featured_media":0,"parent":0,"menu_order":0,"comment_status":"closed","ping_status":"closed","template":"","meta":{"_acf_changed":false,"footnotes":""},"class_list":["post-51","page","type-page","status-publish","hentry"],"acf":[],"_links":{"self":[{"href":"https:\/\/naturerholt.de\/fr\/wp-json\/wp\/v2\/pages\/51","targetHints":{"allow":["GET"]}}],"collection":[{"href":"https:\/\/naturerholt.de\/fr\/wp-json\/wp\/v2\/pages"}],"about":[{"href":"https:\/\/naturerholt.de\/fr\/wp-json\/wp\/v2\/types\/page"}],"author":[{"embeddable":true,"href":"https:\/\/naturerholt.de\/fr\/wp-json\/wp\/v2\/users\/2"}],"replies":[{"embeddable":true,"href":"https:\/\/naturerholt.de\/fr\/wp-json\/wp\/v2\/comments?post=51"}],"version-history":[{"count":10,"href":"https:\/\/naturerholt.de\/fr\/wp-json\/wp\/v2\/pages\/51\/revisions"}],"predecessor-version":[{"id":3560,"href":"https:\/\/naturerholt.de\/fr\/wp-json\/wp\/v2\/pages\/51\/revisions\/3560"}],"wp:attachment":[{"href":"https:\/\/naturerholt.de\/fr\/wp-json\/wp\/v2\/media?parent=51"}],"curies":[{"name":"wp","href":"https:\/\/api.w.org\/{rel}","templated":true}]}}