{"id":49,"date":"2020-05-24T20:30:23","date_gmt":"2020-05-24T20:30:23","guid":{"rendered":"http:\/\/naturerholt.de\/?page_id=49"},"modified":"2020-06-18T07:28:10","modified_gmt":"2020-06-18T07:28:10","slug":"impressum","status":"publish","type":"page","link":"https:\/\/naturerholt.de\/fr\/impressum\/","title":{"rendered":"Mentions l\u00e9gales"},"content":{"rendered":"<h3 class=\"wp-block-heading\">Responsable du contenu :<\/h3>\n\n\n\n<p>HKM Heilb\u00e4der und Kurorte Marketing GmbH Baden-W\u00fcrttemberg<br>Esslinger Stra\u00dfe 8<br>D-70182 Stuttgart<\/p>\n\n\n\n<p>Telefon 0711\/ 892480 00<br>Fax 0711\/ 89248020<br>info@heilbaeder-bw.de<\/p>\n\n\n\n<p><strong>Gesch\u00e4ftsf\u00fchrer:<\/strong><br>Arne Mellert<\/p>\n\n\n\n<p><strong>Vertretungsberechtigte:<\/strong><br>Aufsichtsratsvorsitzender: Fritz Link<\/p>\n\n\n\n<p><strong>Bildideen und Fotografie<\/strong><\/p>\n\n\n\n<p>Lichtpunkt &#8211; Fotografie<br>Michael Ruder<br>Ludwigstr. 57<br>D &#8211; 70176 Stuttgart<br>+49 (711) 66489267<\/p>\n\n\n\n<p>sowie Bilder aus dem Bildarchiv des Heilb\u00e4derverbandes Baden-W\u00fcrttemberg e.V. und den<br>Heilb\u00e4dern und Kurorten in Baden-W\u00fcrttemberg.<\/p>\n\n\n\n<p>Die hier veroeffentlichten Daten sind urheberrechtlich gesch\u00fctzt. Diese Webseiten k\u00f6nnen Links zu anderen Webseiten enthalten, deren Inhalte von der HKM GmbH nicht notwendigerweise autorisiert sind bzw. kontrolliert werden. F\u00fcr die Inhalte auf Seiten fremder Anbieter \u00fcbernimmt di die HKM GmbH daher keine Haftung.<br>Quellen: eRecht24 Disclaimer<\/p>","protected":false},"excerpt":{"rendered":"<p>Verantwortlich f\u00fcr den Inhalt: HKM Heilb\u00e4der und Kurorte Marketing GmbH Baden-W\u00fcrttembergEsslinger Stra\u00dfe 8D-70182 Stuttgart Telefon 0711\/ 892480 00Fax 0711\/ 89248020info@heilbaeder-bw.de&#8230;<\/p>","protected":false},"author":2,"featured_media":0,"parent":0,"menu_order":0,"comment_status":"closed","ping_status":"closed","template":"","meta":{"_acf_changed":false,"footnotes":""},"class_list":["post-49","page","type-page","status-publish","hentry"],"acf":[],"_links":{"self":[{"href":"https:\/\/naturerholt.de\/fr\/wp-json\/wp\/v2\/pages\/49","targetHints":{"allow":["GET"]}}],"collection":[{"href":"https:\/\/naturerholt.de\/fr\/wp-json\/wp\/v2\/pages"}],"about":[{"href":"https:\/\/naturerholt.de\/fr\/wp-json\/wp\/v2\/types\/page"}],"author":[{"embeddable":true,"href":"https:\/\/naturerholt.de\/fr\/wp-json\/wp\/v2\/users\/2"}],"replies":[{"embeddable":true,"href":"https:\/\/naturerholt.de\/fr\/wp-json\/wp\/v2\/comments?post=49"}],"version-history":[{"count":8,"href":"https:\/\/naturerholt.de\/fr\/wp-json\/wp\/v2\/pages\/49\/revisions"}],"predecessor-version":[{"id":541,"href":"https:\/\/naturerholt.de\/fr\/wp-json\/wp\/v2\/pages\/49\/revisions\/541"}],"wp:attachment":[{"href":"https:\/\/naturerholt.de\/fr\/wp-json\/wp\/v2\/media?parent=49"}],"curies":[{"name":"wp","href":"https:\/\/api.w.org\/{rel}","templated":true}]}}