{"id":3867,"date":"2024-05-16T11:48:49","date_gmt":"2024-05-16T11:48:49","guid":{"rendered":"https:\/\/naturerholt.de\/?page_id=3867"},"modified":"2024-05-16T11:48:50","modified_gmt":"2024-05-16T11:48:50","slug":"teilnahmebedingungen-tiktok","status":"publish","type":"page","link":"https:\/\/naturerholt.de\/fr\/teilnahmebedingungen-tiktok\/","title":{"rendered":"Teilnahmebedingungen TikTok"},"content":{"rendered":"<p><strong>Conditions de participation au concours de la HKM Heilb\u00e4der und Kurorte Marketing GmbH Bade-Wurtemberg<\/strong><\/p>\n\n\n\n<p>Les conditions de participation suivantes s'appliquent pour la participation au concours :<\/p>\n\n\n\n<p><strong>I. Organisateurs, Admissibilit\u00e9<\/strong><\/p>\n\n\n\n<ol class=\"wp-block-list\">\n<li>HKM Heilb\u00e4der und Kurorte Marketing GmbH Baden-W\u00fcrttemberg, Esslinger Stra\u00dfe 8, D-70182 Stuttgart (ci-apr\u00e8s d\u00e9nomm\u00e9e \u201e l'organisateur \u201c) est l'organisateur de l'op\u00e9ration et est donc seul responsable de sa mise en \u0153uvre.<br><\/li>\n\n\n\n<li>Toutes les personnes qui ont au moins 18 ans au d\u00e9but du concours et qui ont une adresse postale valide et une r\u00e9sidence permanente en Allemagne sont \u00e9ligibles \u00e0 participer. Le prix ne sera pas remis \u00e0 des personnes de moins de 18 ans.<br><\/li>\n\n\n\n<li>Eine Person nimmt am Gewinnspiel teil, indem sie Follower des @natur.erholt TikTok Accounts wird und eine\/-n Freund\/-in markiert, mit dem\/der sie gerne den Gewinn einl\u00f6sen m\u00f6chte. Der Teilnehmer ist f\u00fcr die Richtigkeit, insbesondere seiner E-Mail- und\/oder Postadresse, selbst verantwortlich. Der Eingang der Gewinnspielantworten hat innerhalb der im Gewinnspiel genannten Frist zu erfolgen.<br><\/li>\n\n\n\n<li>Sont exclus de la participation les employ\u00e9s de l'organisateur et des entreprises affili\u00e9es, ainsi que leurs proches. Sont \u00e9galement exclus du concours les employ\u00e9s et les proches des entreprises impliqu\u00e9es dans la r\u00e9alisation du concours.<br><\/li>\n\n\n\n<li>En cas de violation des conditions de participation, la soci\u00e9t\u00e9 HKM Heilb\u00e4der und Kurorte Marketing GmbH Baden-W\u00fcrttemberg se r\u00e9serve le droit d'exclure des personnes du jeu-concours.<br><\/li>\n\n\n\n<li>Ausgeschlossen werden auch Personen, die sich unerlaubter Hilfsmittel bedienen oder sich anderweitig durch Manipulation Vorteile verschaffen. Gegebenenfalls k\u00f6nnen in diesen F\u00e4llen auch nachtr\u00e4glich Gewinne aberkannt und zur\u00fcckgefordert werden.<\/li>\n<\/ol>\n\n\n\n<p><strong>II. Organisation du jeu-concours<\/strong><\/p>\n\n\n\n<ol class=\"wp-block-list\">\n<li>Insgesamt gibt es beim Gewinnspiel vom 17.05.2024 4&#215;2 Tageskarten f\u00fcr die Solymar Therme in\u00a0Bad Mergentheim zu gewinnen. Das Gewinnspiel findet vom 17.05.2024 bis einschlie\u00dflich 24.05.2024 23:59 Uhr MEZ statt. Um an dem Gewinnspiel teilnehmen zu k\u00f6nnen, m\u00fcssen die Anweisungen im Gewinnspiel-Post befolgt werden.<br><\/li>\n\n\n\n<li>Die Gewinner werden fr\u00fchestens am n\u00e4chsten Werktag per Zufallsprinzip unter allen Kommentaren des Gewinnspielposts auf TikTok ausgelost und von HKM Heilb\u00e4der und Kurorte Marketing GmbH Baden-W\u00fcrttemberg kontaktiert. <br><\/li>\n\n\n\n<li>Les participants sont responsables de l'exactitude des donn\u00e9es de contact fournies. HKM Heilb\u00e4der und Kurorte Marketing GmbH Baden-W\u00fcrttemberg n'assume aucune responsabilit\u00e9 quant \u00e0 la ponctualit\u00e9, l'exhaustivit\u00e9 ou l'exactitude de la transmission des donn\u00e9es des participants.<br><\/li>\n\n\n\n<li>Durch die Nutzung der Kommentar-Funktion wird dem Veranstalter das zeitlich und r\u00e4umlich unbegrenzte Recht erteilt, diese Werke auf der eigenen Webseite sowie diversen Social-Media-Kan\u00e4len zu ver\u00f6ffentlichen und zu vervielf\u00e4ltigen.<br><\/li>\n\n\n\n<li>Avec ce commentaire, le candidat confirme qu'il a le droit d'accorder la licence d'utilisation, soit parce qu'il est lui-m\u00eame l'auteur, soit parce qu'il est autrement autoris\u00e9 \u00e0 accorder les licences d'utilisation.<br><\/li>\n\n\n\n<li>Kann ein Gewinner nicht unter seinem TikTok Account erreicht oder der Gewinn an die sp\u00e4ter \u00fcbermittelte Postadresse zugestellt werden, so verf\u00e4llt der Gewinn des urspr\u00fcnglichen Gewinners. Der Gewinn wird ersatzweise an den n\u00e4chsten ermittelten Teilnehmer weitergegeben, der bislang noch nicht gewonnen hat.<br><\/li>\n\n\n\n<li>Si le gagnant ne se manifeste pas dans les 5 jours suivant l'envoi de la notification, son droit au gain sera perdu.<br><\/li>\n\n\n\n<li>Le droit au b\u00e9n\u00e9fice ou au taux de b\u00e9n\u00e9fice ne peut \u00eatre c\u00e9d\u00e9.<br><\/li>\n\n\n\n<li>Les noms des gagnants et gagnantes peuvent \u00eatre publi\u00e9s sur le site web et les r\u00e9seaux sociaux de l'organisateur. Les participants acceptent express\u00e9ment cette forme de publication.<\/li>\n<\/ol>\n\n\n\n<p><strong>III. Responsabilit\u00e9<\/strong><\/p>\n\n\n\n<ol class=\"wp-block-list\">\n<li>La responsabilit\u00e9 de l'organisateur ainsi que de ses auxiliaires d'ex\u00e9cution et pr\u00e9pos\u00e9s pour les dommages caus\u00e9s par leur faute, y compris les dommages cons\u00e9cutifs, est exclue dans la mesure o\u00f9 le dommage n'a pas \u00e9t\u00e9 caus\u00e9 par une intention ou une n\u00e9gligence grave. Ceci ne s'applique pas aux dommages r\u00e9sultant d'une atteinte \u00e0 la vie, \u00e0 l'int\u00e9grit\u00e9 corporelle ou \u00e0 la sant\u00e9, ou de la violation fautive d'obligations contractuelles essentielles.<\/li>\n\n\n\n<li>En cas de violation fautive d'obligations contractuelles essentielles, qui ne repose ni sur une intention d\u00e9lib\u00e9r\u00e9e ni sur une n\u00e9gligence grave, la responsabilit\u00e9 de l'organisateur est limit\u00e9e aux dommages typiquement pr\u00e9visibles.<\/li>\n<\/ol>\n\n\n\n<p><strong>IV. Protection des donn\u00e9es<\/strong><\/p>\n\n\n\n<ol class=\"wp-block-list\">\n<li>La participation au \u201e jeu-concours \u201c est volontaire. Le responsable de la collecte, du traitement et de l'utilisation des donn\u00e9es personnelles dans le cadre du jeu-concours est HKM Heilb\u00e4der und Kurorte Marketing GmbH Baden-W\u00fcrttemberg, Esslinger Stra\u00dfe 8, D-70182 Stuttgart.<br><\/li>\n\n\n\n<li>La participation au \u201e concours \u201c n\u00e9cessite la communication de donn\u00e9es personnelles. Les donn\u00e9es personnelles sont stock\u00e9es \u00e9lectroniquement et utilis\u00e9es pour le traitement du concours.<br><\/li>\n\n\n\n<li>L'organisateur traite et utilise ces donn\u00e9es personnelles exclusivement pour la r\u00e9alisation du concours. Les donn\u00e9es seront transmises, dans la mesure du n\u00e9cessaire, \u00e0 un prestataire de services mandat\u00e9 par l'organisateur pour le soutien \u00e0 la r\u00e9alisation. Il s'agit de la soci\u00e9t\u00e9 Rocket X GmbH, G\u00e4nsheidestra\u00dfe 55 \u00e0 70184 Stuttgart.<br><\/li>\n\n\n\n<li>Les donn\u00e9es sont supprim\u00e9es \u00e0 l'expiration des obligations l\u00e9gales de conservation.<br><\/li>\n\n\n\n<li>Pour toute question concernant la collecte et l'utilisation de vos donn\u00e9es personnelles par HKM Heilb\u00e4der und Kurorte Marketing GmbH Baden-W\u00fcrttemberg, vous disposez \u00e0 tout moment, gratuitement et sans d\u00e9lai, du droit d'acc\u00e8s aux donn\u00e9es vous concernant qui sont stock\u00e9es. M\u00eame si vous souhaitez la rectification, le blocage ou la suppression de vos donn\u00e9es, ou en cas de r\u00e9clamations, de demandes d'informations ou de questions g\u00e9n\u00e9rales sur la protection des donn\u00e9es, nous sommes \u00e0 votre enti\u00e8re disposition. Veuillez \u00e9crire \u00e0 cet effet \u00e0 HKM Heilb\u00e4der und Kurorte Marketing GmbH Baden-W\u00fcrttemberg, Esslinger Stra\u00dfe 8, D-70182 Stuttgart, objet : Protection des donn\u00e9es, ou envoyer un e-mail \u00e0 l'adresse suivante : info@heilbaeder-bw.de<br><\/li>\n\n\n\n<li>En compl\u00e9ment, les dispositions g\u00e9n\u00e9rales de protection des donn\u00e9es s'appliquent sous : https:\/\/naturerholt.de\/datenschutz\/<\/li>\n<\/ol>\n\n\n\n<p><strong>V. R\u00e8glement extrajudiciaire des litiges<\/strong><\/p>\n\n\n\n<p>En cas de litige entre nous et les consommateurs, la possibilit\u00e9 de r\u00e8glement extrajudiciaire des litiges est ouverte, sur demande, aupr\u00e8s de l'organisme g\u00e9n\u00e9ral de r\u00e8glement des litiges de consommateurs du Centre de m\u00e9diation e.V. Nous participons \u00e0 une proc\u00e9dure de r\u00e8glement des litiges devant un organisme de r\u00e8glement des litiges de consommateurs. L'organisme de r\u00e8glement des litiges de consommateurs comp\u00e9tent pour nous est :<\/p>\n\n\n\n<p>Verbraucherschlichtungsstelle Allgemein des Zentrums f\u00fcr Schlichtung e. V., Stra\u00dfburger Str. 8, 77694 Kehl<\/p>\n\n\n\n<p>T\u00e9l. : 07851 \/ 79579 40 Fax : 07851 \/ 79579 41<\/p>\n\n\n\n<p>Internet : www.verbraucher-schlichter.de<\/p>\n\n\n\n<p>E-Mail : mail@verbraucher-schlichter.de<\/p>\n\n\n\n<p>Ce centre de r\u00e8glement des diff\u00e9rends est un \u201e centre g\u00e9n\u00e9ral de r\u00e8glement des diff\u00e9rends de consommation \u201c au sens du \u00a7 4 paragraphe 2 phrase 2 VSBG.<br><\/p>\n\n\n\n<p><strong>VI. Dispositions finales<\/strong><\/p>\n\n\n\n<ol class=\"wp-block-list\">\n<li>HKM Heilb\u00e4der und Kurorte Marketing GmbH Bade-Wurtemberg se r\u00e9serve le droit d'interrompre le concours pour un motif valable et sans pr\u00e9avis, notamment si sa bonne ex\u00e9cution ne peut \u00eatre garantie pour des raisons techniques ou juridiques.<br><\/li>\n\n\n\n<li>La voie de recours est exclue.<br><\/li>\n\n\n\n<li>La r\u00e9alisation de l'action, la relation juridique entre l'organisateur et le participant, ainsi que les pr\u00e9sentes r\u00e8gles de participation, y compris leur interpr\u00e9tation, sont soumises exclusivement au droit allemand, \u00e0 l'exclusion de toutes normes juridiques qui renvoient \u00e0 un autre ordre juridique.<\/li>\n<\/ol>\n\n\n\n<p>HKM Heilb\u00e4der und Kurorte Marketing GmbH Bade-Wurtemberg, Esslinger Stra\u00dfe 8, D-70182 Stuttgart<\/p>","protected":false},"excerpt":{"rendered":"<p>Teilnahmebedingungen des Gewinnspiels der HKM Heilb\u00e4der und Kurorte Marketing GmbH Baden-W\u00fcrttemberg F\u00fcr die Teilnahme des Gewinnspieles gelten die folgenden Teilnahmebedingungen:&#8230;<\/p>","protected":false},"author":8,"featured_media":0,"parent":0,"menu_order":0,"comment_status":"closed","ping_status":"closed","template":"","meta":{"_acf_changed":false,"footnotes":""},"class_list":["post-3867","page","type-page","status-publish","hentry"],"acf":[],"_links":{"self":[{"href":"https:\/\/naturerholt.de\/fr\/wp-json\/wp\/v2\/pages\/3867","targetHints":{"allow":["GET"]}}],"collection":[{"href":"https:\/\/naturerholt.de\/fr\/wp-json\/wp\/v2\/pages"}],"about":[{"href":"https:\/\/naturerholt.de\/fr\/wp-json\/wp\/v2\/types\/page"}],"author":[{"embeddable":true,"href":"https:\/\/naturerholt.de\/fr\/wp-json\/wp\/v2\/users\/8"}],"replies":[{"embeddable":true,"href":"https:\/\/naturerholt.de\/fr\/wp-json\/wp\/v2\/comments?post=3867"}],"version-history":[{"count":4,"href":"https:\/\/naturerholt.de\/fr\/wp-json\/wp\/v2\/pages\/3867\/revisions"}],"predecessor-version":[{"id":3871,"href":"https:\/\/naturerholt.de\/fr\/wp-json\/wp\/v2\/pages\/3867\/revisions\/3871"}],"wp:attachment":[{"href":"https:\/\/naturerholt.de\/fr\/wp-json\/wp\/v2\/media?parent=3867"}],"curies":[{"name":"wp","href":"https:\/\/api.w.org\/{rel}","templated":true}]}}