{"id":2213,"date":"2022-06-08T08:54:58","date_gmt":"2022-06-08T08:54:58","guid":{"rendered":"https:\/\/naturerholt.de\/?page_id=2213"},"modified":"2023-02-07T07:59:02","modified_gmt":"2023-02-07T07:59:02","slug":"luftqualitaet","status":"publish","type":"page","link":"https:\/\/naturerholt.de\/fr\/luft\/luftqualitaet\/","title":{"rendered":"La qualit\u00e9 de l'air"},"content":{"rendered":"<p><strong>Votre sant\u00e9 nous tient \u00e0 c\u0153ur<\/strong><\/p>\n\n\n\n<p>L'association des stations thermales du Bade-Wurtemberg a d\u00e9velopp\u00e9, en collaboration avec Robert Bosch GmbH, un syst\u00e8me de surveillance de la qualit\u00e9 de l'air en temps r\u00e9el pour les stations thermales et les villes de cure. \u00c0 l'aide d'un bo\u00eetier de mesure de la qualit\u00e9 de l'air de Bosch, l'indice AirQualityIndex, reconnu au niveau international, est \u00e9mis. Les visiteurs et les habitants peuvent ainsi s'informer en toute transparence sur la teneur de l'air sur place et planifier leurs activit\u00e9s en cons\u00e9quence. Gr\u00e2ce \u00e0 des donn\u00e9es intelligentes, l'AirQualityIndex, disponible en temps r\u00e9el, apporte une r\u00e9elle valeur ajout\u00e9e aux stations thermales et aux lieux de cure, pour un bien-\u00eatre et une qualit\u00e9 de vie accrus.<\/p>\n\n\n\n<div class=\"o-container o-container--sm\"><iframe style=\"width: 100%;height: 58rem;\" src=\"https:\/\/d9rg1s4uogmfk.cloudfront.net\/hinterzarten\/index.html\"><\/iframe><\/div>\n\n\n\n<div class=\"o-container o-container--sm\">\n  <iframe id=\"aqi-iframe\" style=\"width: 100%;height: 61rem;\" src=\"https:\/\/d9rg1s4uogmfk.cloudfront.net\/bad_duerrheim\/index.html\">\n  <\/iframe>\n<\/div>","protected":false},"excerpt":{"rendered":"<p>Ihre Gesundheit liegt uns am Herzen Der Heilb\u00e4derverband Baden-W\u00fcrttemberg hat gemeinsam mit der Robert Bosch GmbH ein Echtzeit Luftqualit\u00e4ts-Monitoring f\u00fcr&#8230;<\/p>","protected":false},"author":7,"featured_media":63,"parent":21,"menu_order":1,"comment_status":"closed","ping_status":"closed","template":"","meta":{"_acf_changed":false,"footnotes":""},"class_list":["post-2213","page","type-page","status-publish","has-post-thumbnail","hentry"],"acf":[],"_links":{"self":[{"href":"https:\/\/naturerholt.de\/fr\/wp-json\/wp\/v2\/pages\/2213","targetHints":{"allow":["GET"]}}],"collection":[{"href":"https:\/\/naturerholt.de\/fr\/wp-json\/wp\/v2\/pages"}],"about":[{"href":"https:\/\/naturerholt.de\/fr\/wp-json\/wp\/v2\/types\/page"}],"author":[{"embeddable":true,"href":"https:\/\/naturerholt.de\/fr\/wp-json\/wp\/v2\/users\/7"}],"replies":[{"embeddable":true,"href":"https:\/\/naturerholt.de\/fr\/wp-json\/wp\/v2\/comments?post=2213"}],"version-history":[{"count":10,"href":"https:\/\/naturerholt.de\/fr\/wp-json\/wp\/v2\/pages\/2213\/revisions"}],"predecessor-version":[{"id":2753,"href":"https:\/\/naturerholt.de\/fr\/wp-json\/wp\/v2\/pages\/2213\/revisions\/2753"}],"up":[{"embeddable":true,"href":"https:\/\/naturerholt.de\/fr\/wp-json\/wp\/v2\/pages\/21"}],"wp:featuredmedia":[{"embeddable":true,"href":"https:\/\/naturerholt.de\/fr\/wp-json\/wp\/v2\/media\/63"}],"wp:attachment":[{"href":"https:\/\/naturerholt.de\/fr\/wp-json\/wp\/v2\/media?parent=2213"}],"curies":[{"name":"wp","href":"https:\/\/api.w.org\/{rel}","templated":true}]}}