{"id":1660,"date":"2022-01-24T10:49:58","date_gmt":"2022-01-24T10:49:58","guid":{"rendered":"https:\/\/naturerholt.de\/?page_id=1660"},"modified":"2022-06-07T07:59:49","modified_gmt":"2022-06-07T07:59:49","slug":"teilnahmebedingungen-ugc","status":"publish","type":"page","link":"https:\/\/naturerholt.de\/fr\/teilnahmebedingungen-ugc\/","title":{"rendered":"Teilnahmebedingungen UGC"},"content":{"rendered":"<p><strong>Teilnahmebedingungen des UGC-Gewinnspiels der HKM Heilb\u00e4der und Kurorte Marketing GmbH Baden-W\u00fcrttemberg<\/strong><\/p>\n\n\n\n<p>F\u00fcr die Teilnahme des UGC-Gewinnspieles gelten die folgenden Teilnahmebedingungen:<\/p>\n\n\n\n<p><strong>I. Organisateurs, Admissibilit\u00e9<\/strong><\/p>\n\n\n\n<ol class=\"wp-block-list\"><li>HKM Heilb\u00e4der und Kurorte Marketing GmbH Baden-W\u00fcrttemberg, Esslinger Stra\u00dfe 8, D-70182 Stuttgart (ci-apr\u00e8s d\u00e9nomm\u00e9e \u201e l'organisateur \u201c) est l'organisateur de l'op\u00e9ration et est donc seul responsable de sa mise en \u0153uvre.<br><\/li><li>Toutes les personnes qui ont au moins 18 ans au d\u00e9but du concours et qui ont une adresse postale valide et une r\u00e9sidence permanente en Allemagne sont \u00e9ligibles \u00e0 participer. Le prix ne sera pas remis \u00e0 des personnes de moins de 18 ans.<br><\/li><li>Eine Person bekommt die Chance auf ein kleines Erholungs-Packet, indem sie ein Foto eines erholsamen Moments in einem der 55 Heilb\u00e4der und Kurorte in Baden- W\u00fcrttemberg macht. Das Foto muss auf Facebook oder Instagram geteilt, sowie der natur.erholt.- Account verlinkt werden und der Kurort erw\u00e4hnt werden. Zudem muss man Abonnent des natur.erholt. Instagram-Account sein. Der Teilnehmer ist f\u00fcr die Richtigkeit, insbesondere seiner E-Mail- und\/oder Postadresse, selbst verantwortlich. Der Eingang der Gewinnspielantworten hat innerhalb der im Gewinnspiel genannten Frist zu erfolgen.<br><\/li><li>Mitarbeiter des Veranstalters und verbundener Unternehmen, sowie deren Angeh\u00f6rige sind von der Teilnahme ausgeschlossen. Ebenso von des Gewinnspiels ausgeschlossen sind Mitarbeiter und Angeh\u00f6rige der Unternehmen, die mit der Durchf\u00fchrung des Gewinnspiels befasst sind.<br><\/li><li>En cas de violation des conditions de participation, la soci\u00e9t\u00e9 HKM Heilb\u00e4der und Kurorte Marketing GmbH Baden-W\u00fcrttemberg se r\u00e9serve le droit d'exclure des personnes du jeu-concours.<br><\/li><li>Sont \u00e9galement exclus les personnes qui utilisent des moyens auxiliaires illicites ou qui s'assurent d'autres avantages par manipulation. Le cas \u00e9ch\u00e9ant, les gains peuvent \u00e9galement \u00eatre retir\u00e9s et r\u00e9cup\u00e9r\u00e9s apr\u00e8s coup dans ces cas.<\/li><\/ol>\n\n\n\n<p><strong>II. Organisation du jeu-concours<\/strong><\/p>\n\n\n\n<ol class=\"wp-block-list\"><li>Die Einsendungen oder Verlinkungsbeitr\u00e4ge werden von der HKM Heilb\u00e4der und Kurorte Marketing GmbH Baden-W\u00fcrttemberg gesichtet und die Urheber der Fotos, die die HKM ausgew\u00e4hlt haben, werden von der HKM Heilb\u00e4der und Kurorte Marketing GmbH Baden-W\u00fcrttemberg kontaktiert und erhalten ein kleines Erholungs-Packet. Das Bild wird im natur.erholt.-Account als Beitrag gerepostet.<br><\/li><li>Les participants sont responsables de l'exactitude des donn\u00e9es de contact fournies. HKM Heilb\u00e4der und Kurorte Marketing GmbH Baden-W\u00fcrttemberg n'assume aucune responsabilit\u00e9 quant \u00e0 la ponctualit\u00e9, l'exhaustivit\u00e9 ou l'exactitude de la transmission des donn\u00e9es des participants.<br><\/li><li>Durch die Nutzung der Kommentar-, Nachrichten- und Verlinkungs-Funktion wird dem Veranstalter das zeitlich und r\u00e4umlich unbegrenzte Recht erteilt, diese Werke auf der eigenen Webseite sowie diversen Social-Media-Kan\u00e4len, wie Facebook &amp; Instagram, zu ver\u00f6ffentlichen und zu vervielf\u00e4ltigen.<\/li><\/ol>\n\n\n\n<ol class=\"wp-block-list\" start=\"4\"><li>Mit der Einsendung oder Verlinkung best\u00e4tigt der Bewerber, dass eine Berechtigung f\u00fcr die Einr\u00e4umung des Nutzungsrechts besteht, weil dieser entweder selbst der Urheber ist oder er aber zur Einr\u00e4umung der Nutzungsrechte anderweitig berechtigt ist.<br><\/li><li>Kann ein Gewinner nicht unter seinem Facebook oder Instagram Account erreicht oder der Gewinn an die sp\u00e4ter \u00fcbermittelte Postadresse zugestellt werden, so verf\u00e4llt der Gewinn des urspr\u00fcnglichen Gewinners. Der Gewinn wird ersatzweise an den n\u00e4chsten ermittelten Teilnehmer weitergegeben, der bislang noch nicht gewonnen hat.<br><\/li><li>Meldet sich der Gewinner nicht innerhalb von 10 Tagen nach dem Absenden der Benachrichtigung, so verf\u00e4llt der Anspruch auf den Gewinn.<br><\/li><li>Le droit au b\u00e9n\u00e9fice ou au taux de b\u00e9n\u00e9fice ne peut \u00eatre c\u00e9d\u00e9.<br><\/li><li>Les noms des gagnant(e)s peuvent \u00eatre publi\u00e9s sur le site web et les r\u00e9seaux sociaux de l'organisateur. Les participants acceptent express\u00e9ment cette forme de publication.<\/li><\/ol>\n\n\n\n<p><strong>III. Responsabilit\u00e9<\/strong><\/p>\n\n\n\n<ol class=\"wp-block-list\"><li>La responsabilit\u00e9 de l'organisateur ainsi que de ses auxiliaires d'ex\u00e9cution et pr\u00e9pos\u00e9s pour les dommages caus\u00e9s par leur faute, y compris les dommages cons\u00e9cutifs, est exclue dans la mesure o\u00f9 le dommage n'a pas \u00e9t\u00e9 caus\u00e9 par une intention ou une n\u00e9gligence grave. Ceci ne s'applique pas aux dommages r\u00e9sultant d'une atteinte \u00e0 la vie, \u00e0 l'int\u00e9grit\u00e9 corporelle ou \u00e0 la sant\u00e9, ou de la violation fautive d'obligations contractuelles essentielles.<\/li><li>En cas de violation fautive d'obligations contractuelles essentielles, qui ne repose ni sur une intention d\u00e9lib\u00e9r\u00e9e ni sur une n\u00e9gligence grave, la responsabilit\u00e9 de l'organisateur est limit\u00e9e aux dommages typiquement pr\u00e9visibles.<\/li><\/ol>\n\n\n\n<p><strong>IV. Protection des donn\u00e9es<\/strong><\/p>\n\n\n\n<ol class=\"wp-block-list\"><li>La participation au \u201e jeu-concours \u201c est volontaire. Le responsable de la collecte, du traitement et de l'utilisation des donn\u00e9es personnelles dans le cadre du jeu-concours est HKM Heilb\u00e4der und Kurorte Marketing GmbH Baden-W\u00fcrttemberg, Esslinger Stra\u00dfe 8, D-70182 Stuttgart.<br><\/li><li>La participation au \u201e concours \u201c n\u00e9cessite la communication de donn\u00e9es personnelles. Les donn\u00e9es personnelles sont stock\u00e9es \u00e9lectroniquement et utilis\u00e9es pour le traitement du concours.<br><\/li><li>L'organisateur traite et utilise ces donn\u00e9es personnelles exclusivement pour la r\u00e9alisation du concours. Les donn\u00e9es seront transmises, dans la mesure du n\u00e9cessaire, \u00e0 un prestataire de services mandat\u00e9 par l'organisateur pour le soutien \u00e0 la r\u00e9alisation. Il s'agit de la soci\u00e9t\u00e9 Rocket X GmbH, G\u00e4nsheidestra\u00dfe 55 \u00e0 70184 Stuttgart.<br><\/li><li>Les donn\u00e9es sont supprim\u00e9es \u00e0 l'expiration des obligations l\u00e9gales de conservation.<br><\/li><li>Pour toute question concernant la collecte et l'utilisation de vos donn\u00e9es personnelles par HKM Heilb\u00e4der und Kurorte Marketing GmbH Baden-W\u00fcrttemberg, vous disposez \u00e0 tout moment, gratuitement et sans d\u00e9lai, du droit d'acc\u00e8s aux donn\u00e9es vous concernant qui sont stock\u00e9es. M\u00eame si vous souhaitez la rectification, le blocage ou la suppression de vos donn\u00e9es, ou en cas de r\u00e9clamations, de demandes d'informations ou de questions g\u00e9n\u00e9rales sur la protection des donn\u00e9es, nous sommes \u00e0 votre enti\u00e8re disposition. Veuillez \u00e9crire \u00e0 cet effet \u00e0 HKM Heilb\u00e4der und Kurorte Marketing GmbH Baden-W\u00fcrttemberg, Esslinger Stra\u00dfe 8, D-70182 Stuttgart, objet : Protection des donn\u00e9es, ou envoyer un e-mail \u00e0 l'adresse suivante : info@heilbaeder-bw.de<br><\/li><li>En compl\u00e9ment, les dispositions g\u00e9n\u00e9rales de protection des donn\u00e9es s'appliquent sous : https:\/\/naturerholt.de\/datenschutz\/<\/li><\/ol>\n\n\n\n<p><strong>V. R\u00e8glement extrajudiciaire des litiges<\/strong><\/p>\n\n\n\n<p>En cas de litige entre nous et les consommateurs, la possibilit\u00e9 de r\u00e8glement extrajudiciaire des litiges est ouverte, sur demande, aupr\u00e8s de l'organisme g\u00e9n\u00e9ral de r\u00e8glement des litiges de consommateurs du Centre de m\u00e9diation e.V. Nous participons \u00e0 une proc\u00e9dure de r\u00e8glement des litiges devant un organisme de r\u00e8glement des litiges de consommateurs. L'organisme de r\u00e8glement des litiges de consommateurs comp\u00e9tent pour nous est :<\/p>\n\n\n\n<p>Verbraucherschlichtungsstelle Allgemein des Zentrums f\u00fcr Schlichtung e. V., Stra\u00dfburger Str. 8, 77694 Kehl<\/p>\n\n\n\n<p>T\u00e9l. : 07851 \/ 79579 40 Fax : 07851 \/ 79579 41<\/p>\n\n\n\n<p>Internet : www.verbraucher-schlichter.de<\/p>\n\n\n\n<p>E-Mail : mail@verbraucher-schlichter.de<\/p>\n\n\n\n<p>Ce centre de r\u00e8glement des diff\u00e9rends est un \u201e centre g\u00e9n\u00e9ral de r\u00e8glement des diff\u00e9rends de consommation \u201c au sens du \u00a7 4 paragraphe 2 phrase 2 VSBG.<br><\/p>\n\n\n\n<p><strong>VI. Dispositions finales<\/strong><\/p>\n\n\n\n<ol class=\"wp-block-list\"><li>HKM Heilb\u00e4der und Kurorte Marketing GmbH Bade-Wurtemberg se r\u00e9serve le droit d'interrompre le concours pour un motif valable et sans pr\u00e9avis, notamment si sa bonne ex\u00e9cution ne peut \u00eatre garantie pour des raisons techniques ou juridiques.<br><\/li><li>La voie de recours est exclue.<br><\/li><li>La r\u00e9alisation de l'action, la relation juridique entre l'organisateur et le participant, ainsi que les pr\u00e9sentes r\u00e8gles de participation, y compris leur interpr\u00e9tation, sont soumises exclusivement au droit allemand, \u00e0 l'exclusion de toutes normes juridiques qui renvoient \u00e0 un autre ordre juridique.<\/li><\/ol>\n\n\n\n<p>HKM Heilb\u00e4der und Kurorte Marketing GmbH Bade-Wurtemberg, Esslinger Stra\u00dfe 8, D-70182 Stuttgart<\/p>","protected":false},"excerpt":{"rendered":"<p>Teilnahmebedingungen des UGC-Gewinnspiels der HKM Heilb\u00e4der und Kurorte Marketing GmbH Baden-W\u00fcrttemberg F\u00fcr die Teilnahme des UGC-Gewinnspieles gelten die folgenden Teilnahmebedingungen:&#8230;<\/p>","protected":false},"author":2,"featured_media":0,"parent":0,"menu_order":0,"comment_status":"closed","ping_status":"closed","template":"","meta":{"_acf_changed":false,"footnotes":""},"class_list":["post-1660","page","type-page","status-publish","hentry"],"acf":[],"_links":{"self":[{"href":"https:\/\/naturerholt.de\/fr\/wp-json\/wp\/v2\/pages\/1660","targetHints":{"allow":["GET"]}}],"collection":[{"href":"https:\/\/naturerholt.de\/fr\/wp-json\/wp\/v2\/pages"}],"about":[{"href":"https:\/\/naturerholt.de\/fr\/wp-json\/wp\/v2\/types\/page"}],"author":[{"embeddable":true,"href":"https:\/\/naturerholt.de\/fr\/wp-json\/wp\/v2\/users\/2"}],"replies":[{"embeddable":true,"href":"https:\/\/naturerholt.de\/fr\/wp-json\/wp\/v2\/comments?post=1660"}],"version-history":[{"count":10,"href":"https:\/\/naturerholt.de\/fr\/wp-json\/wp\/v2\/pages\/1660\/revisions"}],"predecessor-version":[{"id":2209,"href":"https:\/\/naturerholt.de\/fr\/wp-json\/wp\/v2\/pages\/1660\/revisions\/2209"}],"wp:attachment":[{"href":"https:\/\/naturerholt.de\/fr\/wp-json\/wp\/v2\/media?parent=1660"}],"curies":[{"name":"wp","href":"https:\/\/api.w.org\/{rel}","templated":true}]}}