{"id":1660,"date":"2022-01-24T10:49:58","date_gmt":"2022-01-24T10:49:58","guid":{"rendered":"https:\/\/naturerholt.de\/?page_id=1660"},"modified":"2022-06-07T07:59:49","modified_gmt":"2022-06-07T07:59:49","slug":"teilnahmebedingungen-ugc","status":"publish","type":"page","link":"https:\/\/naturerholt.de\/en\/teilnahmebedingungen-ugc\/","title":{"rendered":"Teilnahmebedingungen UGC"},"content":{"rendered":"<p><strong>Teilnahmebedingungen des UGC-Gewinnspiels der HKM Heilb\u00e4der und Kurorte Marketing GmbH Baden-W\u00fcrttemberg<\/strong><\/p>\n\n\n\n<p>F\u00fcr die Teilnahme des UGC-Gewinnspieles gelten die folgenden Teilnahmebedingungen:<\/p>\n\n\n\n<p><strong>I. Organizer, eligibility<\/strong><\/p>\n\n\n\n<ol class=\"wp-block-list\"><li>HKM Heilb\u00e4der und Kurorte Marketing GmbH Baden-W\u00fcrttemberg, Esslinger Stra\u00dfe 8, D-70182 Stuttgart (hereinafter referred to as the \u201eOrganizer\u201c) is the organizer of the promotion and is therefore solely responsible for its implementation.<br><\/li><li>All users who are at least 18 years old at the start of the competition and have a valid postal address and permanent residence in Germany are eligible to participate. The prize will not be awarded to persons under 18 years of age.<br><\/li><li>Eine Person bekommt die Chance auf ein kleines Erholungs-Packet, indem sie ein Foto eines erholsamen Moments in einem der 55 Heilb\u00e4der und Kurorte in Baden- W\u00fcrttemberg macht. Das Foto muss auf Facebook oder Instagram geteilt, sowie der natur.erholt.- Account verlinkt werden und der Kurort erw\u00e4hnt werden. Zudem muss man Abonnent des natur.erholt. Instagram-Account sein. Der Teilnehmer ist f\u00fcr die Richtigkeit, insbesondere seiner E-Mail- und\/oder Postadresse, selbst verantwortlich. Der Eingang der Gewinnspielantworten hat innerhalb der im Gewinnspiel genannten Frist zu erfolgen.<br><\/li><li>Mitarbeiter des Veranstalters und verbundener Unternehmen, sowie deren Angeh\u00f6rige sind von der Teilnahme ausgeschlossen. Ebenso von des Gewinnspiels ausgeschlossen sind Mitarbeiter und Angeh\u00f6rige der Unternehmen, die mit der Durchf\u00fchrung des Gewinnspiels befasst sind.<br><\/li><li>In case of a violation of the terms and conditions, HKM Heilb\u00e4der und Kurorte Marketing GmbH Baden-W\u00fcrttemberg reserves the right to exclude individuals from the competition.<br><\/li><li>Individuals who use unauthorized aids or otherwise gain an advantage through manipulation will also be excluded. If necessary, in these cases, winnings can also be retroactively revoked and reclaimed.<\/li><\/ol>\n\n\n\n<p><strong>II. Conducting the Sweepstakes<\/strong><\/p>\n\n\n\n<ol class=\"wp-block-list\"><li>Die Einsendungen oder Verlinkungsbeitr\u00e4ge werden von der HKM Heilb\u00e4der und Kurorte Marketing GmbH Baden-W\u00fcrttemberg gesichtet und die Urheber der Fotos, die die HKM ausgew\u00e4hlt haben, werden von der HKM Heilb\u00e4der und Kurorte Marketing GmbH Baden-W\u00fcrttemberg kontaktiert und erhalten ein kleines Erholungs-Packet. Das Bild wird im natur.erholt.-Account als Beitrag gerepostet.<br><\/li><li>The participants are responsible for the accuracy of the contact details provided. HKM Heilb\u00e4der und Kurorte Marketing GmbH Baden-W\u00fcrttemberg assumes no liability for the timeliness, completeness, or accuracy of the transmission of participant data.<br><\/li><li>Durch die Nutzung der Kommentar-, Nachrichten- und Verlinkungs-Funktion wird dem Veranstalter das zeitlich und r\u00e4umlich unbegrenzte Recht erteilt, diese Werke auf der eigenen Webseite sowie diversen Social-Media-Kan\u00e4len, wie Facebook &amp; Instagram, zu ver\u00f6ffentlichen und zu vervielf\u00e4ltigen.<\/li><\/ol>\n\n\n\n<ol class=\"wp-block-list\" start=\"4\"><li>Mit der Einsendung oder Verlinkung best\u00e4tigt der Bewerber, dass eine Berechtigung f\u00fcr die Einr\u00e4umung des Nutzungsrechts besteht, weil dieser entweder selbst der Urheber ist oder er aber zur Einr\u00e4umung der Nutzungsrechte anderweitig berechtigt ist.<br><\/li><li>Kann ein Gewinner nicht unter seinem Facebook oder Instagram Account erreicht oder der Gewinn an die sp\u00e4ter \u00fcbermittelte Postadresse zugestellt werden, so verf\u00e4llt der Gewinn des urspr\u00fcnglichen Gewinners. Der Gewinn wird ersatzweise an den n\u00e4chsten ermittelten Teilnehmer weitergegeben, der bislang noch nicht gewonnen hat.<br><\/li><li>Meldet sich der Gewinner nicht innerhalb von 10 Tagen nach dem Absenden der Benachrichtigung, so verf\u00e4llt der Anspruch auf den Gewinn.<br><\/li><li>The claim to profit or profit share cannot be assigned.<br><\/li><li>The names of the winners may be published on the organizer's website and social media channels. Participants expressly agree to this form of publication.<\/li><\/ol>\n\n\n\n<p><strong>III. Liability<\/strong><\/p>\n\n\n\n<ol class=\"wp-block-list\"><li>The liability of the organizer, as well as its vicarious agents and persons employed in performing an obligation, for culpably caused damages, including consequential damages, is excluded, provided that the damage was not caused by intent or gross negligence. This does not apply to damages arising from injury to life, body, or health, or the culpable breach of essential contractual obligations.<\/li><li>In the event of a culpable breach of essential contractual obligations, based on circumstances other than intent or gross negligence, the organizer's liability is limited to the typically foreseeable damage.<\/li><\/ol>\n\n\n\n<p><strong>IV. Data Protection<\/strong><\/p>\n\n\n\n<ol class=\"wp-block-list\"><li>Participation in the \u201ePrize Draw\u201c is voluntary. The entity responsible for the collection, processing, and use of personal data within the scope of the prize draw is HKM Heilb\u00e4der und Kurorte Marketing GmbH Baden-W\u00fcrttemberg, Esslinger Stra\u00dfe 8, D-70182 Stuttgart.<br><\/li><li>For participation in the \u201ePrize Draw,\u201c personal data must be provided. The personal data will be stored electronically and used for the processing of the prize draw.<br><\/li><li>The organizer processes and uses this personal data exclusively for the execution of the prize draw. The data will be passed on as necessary to a service provider commissioned by the organizer to support the execution. This is the company Rocket X GmbH, G\u00e4nsheidestra\u00dfe 55 in 70184 Stuttgart.<br><\/li><li>The data will be deleted after the statutory retention period has expired.<br><\/li><li>You have the right to information about your personal data stored by HKM Heilb\u00e4der und Kurorte Marketing GmbH Baden-W\u00fcrttemberg at any time, free of charge and without delay. This applies to the collection and use of your personal data. We are also happy to assist you if you wish to correct, block, or delete your data, or in case of complaints, requests for information, or general questions about data protection. Please write to HKM Heilb\u00e4der und Kurorte Marketing GmbH Baden-W\u00fcrttemberg, Esslinger Stra\u00dfe 8, D-70182 Stuttgart, with the subject \"Datenschutz\" (Data Protection), or send an email to the following address: info@heilbaeder-bw.de.<br><\/li><li>In addition, the general data protection regulations apply at: https:\/\/naturerholt.de\/datenschutz\/<\/li><\/ol>\n\n\n\n<p><strong>V. Out-of-Court Dispute Resolution<\/strong><\/p>\n\n\n\n<p>In the event of disputes between us and consumers, out-of-court dispute resolution is available upon request from the General Consumer Arbitration Board of the Center for Arbitration e.V. We participate in a dispute resolution procedure before a consumer arbitration board. The consumer arbitration board responsible for us is:<\/p>\n\n\n\n<p>General Consumer Arbitration Board of the Arbitration Center registered association, Stra\u00dfburger Str. 8, 77694 Kehl<\/p>\n\n\n\n<p>Phone: 07851 \/ 79579 40 Fax: 07851 \/ 79579 41<\/p>\n\n\n\n<p>Internet: www.consumer-arbitration.de<\/p>\n\n\n\n<p>E-mail: mail@verbraucher-schlichter.de<\/p>\n\n\n\n<p>This arbitration board is a \u201eGeneral Consumer Arbitration Board\u201c according to \u00a7 4 paragraph 2 sentence 2 VSBG.<br><\/p>\n\n\n\n<p><strong>VI. Final Provisions<\/strong><\/p>\n\n\n\n<ol class=\"wp-block-list\"><li>HKM Heilb\u00e4der und Kurorte Marketing GmbH Baden-W\u00fcrttemberg reserves the right to cancel the sweepstakes for good cause without prior notice, especially if its proper execution cannot be guaranteed for technical or legal reasons.<br><\/li><li>Legal recourse is excluded.<br><\/li><li>The execution of the promotion, the legal relationship between the organizer and the participant, as well as these participation rules, including their interpretation, shall be governed exclusively by German law, to the exclusion of any legal provisions referring to another legal system.<\/li><\/ol>\n\n\n\n<p>HKM Heilb\u00e4der und Kurorte Marketing GmbH Baden-W\u00fcrttemberg, Esslinger Stra\u00dfe 8, D-70182 Stuttgart<\/p>","protected":false},"excerpt":{"rendered":"<p>Teilnahmebedingungen des UGC-Gewinnspiels der HKM Heilb\u00e4der und Kurorte Marketing GmbH Baden-W\u00fcrttemberg F\u00fcr die Teilnahme des UGC-Gewinnspieles gelten die folgenden Teilnahmebedingungen:&#8230;<\/p>","protected":false},"author":2,"featured_media":0,"parent":0,"menu_order":0,"comment_status":"closed","ping_status":"closed","template":"","meta":{"_acf_changed":false,"footnotes":""},"class_list":["post-1660","page","type-page","status-publish","hentry"],"acf":[],"_links":{"self":[{"href":"https:\/\/naturerholt.de\/en\/wp-json\/wp\/v2\/pages\/1660","targetHints":{"allow":["GET"]}}],"collection":[{"href":"https:\/\/naturerholt.de\/en\/wp-json\/wp\/v2\/pages"}],"about":[{"href":"https:\/\/naturerholt.de\/en\/wp-json\/wp\/v2\/types\/page"}],"author":[{"embeddable":true,"href":"https:\/\/naturerholt.de\/en\/wp-json\/wp\/v2\/users\/2"}],"replies":[{"embeddable":true,"href":"https:\/\/naturerholt.de\/en\/wp-json\/wp\/v2\/comments?post=1660"}],"version-history":[{"count":10,"href":"https:\/\/naturerholt.de\/en\/wp-json\/wp\/v2\/pages\/1660\/revisions"}],"predecessor-version":[{"id":2209,"href":"https:\/\/naturerholt.de\/en\/wp-json\/wp\/v2\/pages\/1660\/revisions\/2209"}],"wp:attachment":[{"href":"https:\/\/naturerholt.de\/en\/wp-json\/wp\/v2\/media?parent=1660"}],"curies":[{"name":"wp","href":"https:\/\/api.w.org\/{rel}","templated":true}]}}